{"id":1314,"date":"2025-06-09T18:02:06","date_gmt":"2025-06-09T18:02:06","guid":{"rendered":"https:\/\/staging.mangiico.com\/?page_id=1314"},"modified":"2026-03-25T22:15:50","modified_gmt":"2026-03-25T15:15:50","slug":"materials","status":"publish","type":"page","link":"https:\/\/mangiico.com\/vi\/materials","title":{"rendered":"Ch\u1ea5t li\u1ec7u"},"content":{"rendered":"<div class=\"wpb-content-wrapper\"><div class=\"vc_row wpb_row vc_row-fluid\"><div class=\"wpb_column vc_column_container vc_col-sm-12 sc_layouts_column_icons_position_left\"><div class=\"vc_column-inner\"><div class=\"wpb_wrapper\"><div class=\"vc_empty_space\"   style=\"height: 0.7rem\"><span class=\"vc_empty_space_inner\"><\/span><\/div><div class=\"vc_empty_space  height_large\"   style=\"height: 0px\"><span class=\"vc_empty_space_inner\"><\/span><\/div><\/div><\/div><\/div><\/div><div class=\"vc_row wpb_row vc_row-fluid\"><div class=\"wpb_column vc_column_container vc_col-sm-12 sc_layouts_column_icons_position_left\"><div class=\"vc_column-inner\"><div class=\"wpb_wrapper\">\n\t<div  class=\"wpb_single_image wpb_content_element vc_align_left wpb_content_element\">\n\t\t\n\t\t<figure class=\"wpb_wrapper vc_figure\">\n\t\t\t<div class=\"vc_single_image-wrapper   vc_box_border_grey\"><img loading=\"lazy\" decoding=\"async\" width=\"1920\" height=\"854\" src=\"https:\/\/mangiico.com\/wp-content\/uploads\/2025\/06\/material_main.jpg\" class=\"vc_single_image-img attachment-full\" alt=\"\" title=\"material_main\" srcset=\"https:\/\/mangiico.com\/wp-content\/uploads\/2025\/06\/material_main.jpg 1920w, https:\/\/mangiico.com\/wp-content\/uploads\/2025\/06\/material_main-300x133.jpg 300w, https:\/\/mangiico.com\/wp-content\/uploads\/2025\/06\/material_main-1024x455.jpg 1024w, https:\/\/mangiico.com\/wp-content\/uploads\/2025\/06\/material_main-768x342.jpg 768w, https:\/\/mangiico.com\/wp-content\/uploads\/2025\/06\/material_main-1536x683.jpg 1536w, https:\/\/mangiico.com\/wp-content\/uploads\/2025\/06\/material_main-370x165.jpg 370w, https:\/\/mangiico.com\/wp-content\/uploads\/2025\/06\/material_main-770x342.jpg 770w\" sizes=\"auto, (max-width: 1920px) 100vw, 1920px\" \/><\/div>\n\t\t<\/figure>\n\t<\/div>\n<div class=\"vc_empty_space  height_medium\"   style=\"height: 0px\"><span class=\"vc_empty_space_inner\"><\/span><\/div><h4 style=\"text-align: left\" class=\"vc_custom_heading vc_do_custom_heading\" >B\u1ed8 S\u01afU T\u1eacP V\u1ea2I \u0110\u1ed8C QUY\u1ec0N<\/h4><div class=\"vc_empty_space  height_small\"   style=\"height: 0px\"><span class=\"vc_empty_space_inner\"><\/span><\/div>\n\t<div class=\"wpb_text_column wpb_content_element\" >\n\t\t<div class=\"wpb_wrapper\">\n\t\t\t<p>ManGii cung c\u1ea5p \u0111\u1ea7y \u0111\u1ee7 c\u00e1c b\u1ed9 s\u01b0u t\u1eadp v\u1ea3i \u0111\u1ebfn t\u1eeb nh\u1eefng nh\u00e0 d\u1ec7t danh ti\u1ebfng h\u00e0ng \u0111\u1ea7u th\u1ebf gi\u1edbi nh\u01b0 Holland &amp; Sherry, Ermenegildo Zegna, Drago v\u00e0 nhi\u1ec1u th\u01b0\u01a1ng hi\u1ec7u uy t\u00edn kh\u00e1c. S\u1ef1 l\u1ef1a ch\u1ecdn \u0111a d\u1ea1ng n\u00e0y cho ph\u00e9p kh\u00e1ch h\u00e0ng ti\u1ebfp c\u1eadn nh\u1eefng ch\u1ea5t li\u1ec7u tinh tuy\u1ec3n nh\u1ea5t, t\u1eeb len v\u00e0 l\u1ee5a cao c\u1ea5p \u0111\u1ebfn c\u00e1c d\u00f2ng v\u1ea3i pha hi\u1ec7u n\u0103ng cao, \u0111\u1ea3m b\u1ea3o m\u1ed7i trang ph\u1ee5c kh\u00f4ng ch\u1ec9 \u0111\u1eb9p v\u1ec1 th\u1ea9m m\u1ef9 m\u00e0 c\u00f2n \u0111\u00e1p \u1ee9ng tr\u1ecdn v\u1eb9n y\u00eau c\u1ea7u v\u1ec1 c\u00f4ng n\u0103ng s\u1eed d\u1ee5ng.<\/p>\n<p>T\u1ea1i ManGii, ch\u00fang t\u00f4i hi\u1ec3u r\u1eb1ng ch\u1ea5t li\u1ec7u ch\u00ednh l\u00e0 n\u1ec1n t\u1ea3ng c\u1ee7a m\u1ecdi trang ph\u1ee5c xu\u1ea5t s\u1eafc. V\u00ec v\u1eady, m\u1ed7i b\u1ed9 s\u01b0u t\u1eadp v\u1ea3i \u0111\u1ec1u \u0111\u01b0\u1ee3c tuy\u1ec3n ch\u1ecdn c\u1ea9n tr\u1ecdng, h\u1ee3p t\u00e1c \u0111\u1ed9c quy\u1ec1n c\u00f9ng c\u00e1c nh\u00e0 d\u1ec7t uy t\u00edn \u2013 n\u01a1i h\u1ed9i t\u1ee5 gi\u00e1 tr\u1ecb di s\u1ea3n, tinh th\u1ea7n \u0111\u1ed5i m\u1edbi v\u00e0 ti\u00eau chu\u1ea9n ch\u1ea5t l\u01b0\u1ee3ng kh\u00f4ng th\u1ecfa hi\u1ec7p. D\u1ea3i ch\u1ea5t li\u1ec7u c\u1ee7a ManGii bao g\u1ed3m len worsted c\u1ed5 \u0111i\u1ec3n d\u00e0nh cho nh\u1eefng b\u1ed9 suit v\u01b0\u1ee3t th\u1eddi gian, cashmere nguy\u00ean ch\u1ea5t v\u1edbi \u0111\u1ed9 m\u1ec1m m\u1ea1i t\u1ed1i \u01b0u, linen v\u00e0 cotton nh\u1eb9 tho\u00e1ng cho kh\u00ed h\u1eadu \u1ea5m, c\u00f9ng c\u00e1c d\u00f2ng v\u1ea3i pha ti\u00ean ti\u1ebfn gi\u00fap t\u0103ng kh\u1ea3 n\u0103ng ch\u1ed1ng nh\u0103n v\u00e0 \u0111\u1ed9 b\u1ec1n v\u01b0\u1ee3t tr\u1ed9i.<\/p>\n<p>Kh\u00e1ch h\u00e0ng c\u00f3 th\u1ec3 kh\u00e1m ph\u00e1 h\u00e0ng ngh\u00ecn m\u1eabu swatch, l\u1ef1a ch\u1ecdn s\u1ee3i hi\u1ebfm, b\u1ea3ng m\u00e0u theo m\u00f9a, ho\u1eb7c \u0111\u1eb7t ri\u00eang c\u00e1c d\u00f2ng v\u1ea3i \u0111\u1ed9c quy\u1ec1n ph\u1ee5c v\u1ee5 nh\u1eadn di\u1ec7n th\u01b0\u01a1ng hi\u1ec7u. Trong t\u1eebng d\u1ef1 \u00e1n, \u0111\u1ed9i ng\u0169 ManGii lu\u00f4n \u0111\u1ed3ng h\u00e0nh t\u01b0 v\u1ea5n chuy\u00ean s\u00e2u v\u1ec1 ch\u1ea5t li\u1ec7u, c\u00e2n nh\u1eafc k\u1ef9 l\u01b0\u1ee1ng \u0111\u1ed9 r\u1ee7, k\u1ebft c\u1ea5u, \u0111i\u1ec1u ki\u1ec7n kh\u00ed h\u1eadu v\u00e0 m\u1ee5c \u0111\u00edch s\u1eed d\u1ee5ng, nh\u1eb1m \u0111\u1ea3m b\u1ea3o s\u1ea3n ph\u1ea9m cu\u1ed1i c\u00f9ng v\u1eeba b\u1ec1n b\u1ec9, tho\u1ea3i m\u00e1i, v\u1eeba \u0111\u1ea1t gi\u00e1 tr\u1ecb th\u1ea9m m\u1ef9 cao nh\u1ea5t. K\u1ebft h\u1ee3p h\u00e0i h\u00f2a gi\u1eefa gi\u00e1 tr\u1ecb truy\u1ec1n th\u1ed1ng v\u00e0 nh\u1eefng ti\u1ebfn b\u1ed9 hi\u1ec7n \u0111\u1ea1i, ManGii trao quy\u1ec1n cho m\u1ed7i kh\u00e1ch h\u00e0ng v\u00e0 \u0111\u1ed1i t\u00e1c t\u1ea1o n\u00ean nh\u1eefng trang ph\u1ee5c ph\u1ea3n \u00e1nh tr\u1ecdn v\u1eb9n b\u1ea3n s\u1eafc c\u1ee7a ch\u00ednh m\u00ecnh \u2013 t\u1eeb b\u00ean trong l\u1eabn b\u00ean ngo\u00e0i.<\/p>\n\n\t\t<\/div>\n\t<\/div>\n<div class=\"vc_row wpb_row vc_inner vc_row-fluid\"><div class=\"wpb_column vc_column_container vc_col-sm-12 sc_layouts_column_icons_position_left\"><div class=\"vc_column-inner\"><div class=\"wpb_wrapper\"><div class=\"vc_empty_space  height_medium\"   style=\"height: 32px\"><span class=\"vc_empty_space_inner\"><\/span><\/div><\/div><\/div><\/div><\/div><div class=\"vc_row wpb_row vc_inner vc_row-fluid\"><div class=\"wpb_column vc_column_container vc_col-sm-6 sc_layouts_column_icons_position_left\"><div class=\"vc_column-inner\"><div class=\"wpb_wrapper\">\n\t<div  class=\"wpb_single_image wpb_content_element vc_align_left wpb_content_element\">\n\t\t\n\t\t<figure class=\"wpb_wrapper vc_figure\">\n\t\t\t<div class=\"vc_single_image-wrapper   vc_box_border_grey\"><img loading=\"lazy\" decoding=\"async\" width=\"1024\" height=\"680\" src=\"https:\/\/mangiico.com\/wp-content\/uploads\/2025\/06\/material_1-1024x680.jpg\" class=\"vc_single_image-img attachment-large\" alt=\"\" title=\"material_1\" srcset=\"https:\/\/mangiico.com\/wp-content\/uploads\/2025\/06\/material_1-1024x680.jpg 1024w, https:\/\/mangiico.com\/wp-content\/uploads\/2025\/06\/material_1-300x199.jpg 300w, https:\/\/mangiico.com\/wp-content\/uploads\/2025\/06\/material_1-768x510.jpg 768w, https:\/\/mangiico.com\/wp-content\/uploads\/2025\/06\/material_1-370x246.jpg 370w, https:\/\/mangiico.com\/wp-content\/uploads\/2025\/06\/material_1-770x512.jpg 770w, https:\/\/mangiico.com\/wp-content\/uploads\/2025\/06\/material_1.jpg 1222w\" sizes=\"auto, (max-width: 1024px) 100vw, 1024px\" \/><\/div>\n\t\t<\/figure>\n\t<\/div>\n<\/div><\/div><\/div><div class=\"wpb_column vc_column_container vc_col-sm-6 sc_layouts_column_icons_position_left\"><div class=\"vc_column-inner\"><div class=\"wpb_wrapper\">\n\t<div  class=\"wpb_single_image wpb_content_element vc_align_left wpb_content_element\">\n\t\t\n\t\t<figure class=\"wpb_wrapper vc_figure\">\n\t\t\t<div class=\"vc_single_image-wrapper   vc_box_border_grey\"><img loading=\"lazy\" decoding=\"async\" width=\"1024\" height=\"680\" src=\"https:\/\/mangiico.com\/wp-content\/uploads\/2025\/06\/material_2-1024x680.jpg\" class=\"vc_single_image-img attachment-large\" alt=\"\" title=\"material_2\" srcset=\"https:\/\/mangiico.com\/wp-content\/uploads\/2025\/06\/material_2-1024x680.jpg 1024w, https:\/\/mangiico.com\/wp-content\/uploads\/2025\/06\/material_2-300x199.jpg 300w, https:\/\/mangiico.com\/wp-content\/uploads\/2025\/06\/material_2-768x510.jpg 768w, https:\/\/mangiico.com\/wp-content\/uploads\/2025\/06\/material_2-370x246.jpg 370w, https:\/\/mangiico.com\/wp-content\/uploads\/2025\/06\/material_2-770x512.jpg 770w, https:\/\/mangiico.com\/wp-content\/uploads\/2025\/06\/material_2.jpg 1222w\" sizes=\"auto, (max-width: 1024px) 100vw, 1024px\" \/><\/div>\n\t\t<\/figure>\n\t<\/div>\n<\/div><\/div><\/div><\/div><div class=\"vc_row wpb_row vc_inner vc_row-fluid\"><div class=\"wpb_column vc_column_container vc_col-sm-12 sc_layouts_column_icons_position_left\"><div class=\"vc_column-inner\"><div class=\"wpb_wrapper\"><div class=\"vc_empty_space  height_medium\"   style=\"height: 32px\"><span class=\"vc_empty_space_inner\"><\/span><\/div><\/div><\/div><\/div><\/div><div class=\"vc_row wpb_row vc_inner vc_row-fluid vc_custom_1750154760399 vc_row-has-fill\"><div class=\"wpb_column vc_column_container vc_col-sm-2 sc_layouts_column_icons_position_left\"><div class=\"vc_column-inner\"><div class=\"wpb_wrapper\">\n\t<div  class=\"wpb_single_image wpb_content_element vc_align_right wpb_content_element\">\n\t\t\n\t\t<figure class=\"wpb_wrapper vc_figure\">\n\t\t\t<div class=\"vc_single_image-wrapper   vc_box_border_grey\"><img loading=\"lazy\" decoding=\"async\" width=\"40\" height=\"19\" src=\"https:\/\/mangiico.com\/wp-content\/uploads\/2025\/06\/icon-quote-1x.png\" class=\"vc_single_image-img attachment-large\" alt=\"\" title=\"icon-quote-1x\" \/><\/div>\n\t\t<\/figure>\n\t<\/div>\n<\/div><\/div><\/div><div class=\"wpb_column vc_column_container vc_col-sm-8 vc_col-lg-offset-0 vc_col-has-fill sc_layouts_column_icons_position_left\"><div class=\"vc_column-inner vc_custom_1750155272191\"><div class=\"wpb_wrapper\">\n\t<div class=\"wpb_text_column wpb_content_element\" >\n\t\t<div class=\"wpb_wrapper\">\n\t\t\t<p>T\u1ea1i ManGii, ch\u00fang t\u00f4i tin r\u1eb1ng ch\u1ea5t li\u1ec7u ch\u00ednh l\u00e0 n\u1ec1n t\u1ea3ng c\u1ee7a m\u1ecdi trang ph\u1ee5c xu\u1ea5t s\u1eafc.<\/p>\n\n\t\t<\/div>\n\t<\/div>\n<\/div><\/div><\/div><div class=\"wpb_column vc_column_container vc_col-sm-2 sc_layouts_column_icons_position_left\"><div class=\"vc_column-inner\"><div class=\"wpb_wrapper\"><\/div><\/div><\/div><\/div><div class=\"vc_row wpb_row vc_inner vc_row-fluid\"><div class=\"wpb_column vc_column_container vc_col-sm-12 sc_layouts_column_icons_position_left\"><div class=\"vc_column-inner\"><div class=\"wpb_wrapper\"><div class=\"vc_empty_space  height_medium\"   style=\"height: 32px\"><span class=\"vc_empty_space_inner\"><\/span><\/div><\/div><\/div><\/div><\/div><div class=\"vc_row wpb_row vc_inner vc_row-fluid\"><div class=\"wpb_column vc_column_container vc_col-sm-6 sc_layouts_column_icons_position_left\"><div class=\"vc_column-inner\"><div class=\"wpb_wrapper\">\n\t<div  class=\"wpb_single_image wpb_content_element vc_align_left wpb_content_element\">\n\t\t\n\t\t<figure class=\"wpb_wrapper vc_figure\">\n\t\t\t<div class=\"vc_single_image-wrapper   vc_box_border_grey\"><img loading=\"lazy\" decoding=\"async\" width=\"680\" height=\"1024\" src=\"https:\/\/mangiico.com\/wp-content\/uploads\/2025\/06\/premium_photo-1673125287415-a383aef6ceb2.jpg\" class=\"vc_single_image-img attachment-large\" alt=\"\" title=\"premium_photo-1673125287415-a383aef6ceb2\" srcset=\"https:\/\/mangiico.com\/wp-content\/uploads\/2025\/06\/premium_photo-1673125287415-a383aef6ceb2.jpg 680w, https:\/\/mangiico.com\/wp-content\/uploads\/2025\/06\/premium_photo-1673125287415-a383aef6ceb2-199x300.jpg 199w, https:\/\/mangiico.com\/wp-content\/uploads\/2025\/06\/premium_photo-1673125287415-a383aef6ceb2-370x557.jpg 370w\" sizes=\"auto, (max-width: 680px) 100vw, 680px\" \/><\/div>\n\t\t<\/figure>\n\t<\/div>\n<\/div><\/div><\/div><div class=\"wpb_column vc_column_container vc_col-sm-6 sc_layouts_column_icons_position_left\"><div class=\"vc_column-inner\"><div class=\"wpb_wrapper\">\n\t<div  class=\"wpb_single_image wpb_content_element vc_align_left wpb_content_element\">\n\t\t\n\t\t<figure class=\"wpb_wrapper vc_figure\">\n\t\t\t<div class=\"vc_single_image-wrapper   vc_box_border_grey\"><img loading=\"lazy\" decoding=\"async\" width=\"680\" height=\"1024\" src=\"https:\/\/mangiico.com\/wp-content\/uploads\/2025\/06\/material_4-680x1024.jpg\" class=\"vc_single_image-img attachment-large\" alt=\"\" title=\"material_4\" srcset=\"https:\/\/mangiico.com\/wp-content\/uploads\/2025\/06\/material_4-680x1024.jpg 680w, https:\/\/mangiico.com\/wp-content\/uploads\/2025\/06\/material_4-199x300.jpg 199w, https:\/\/mangiico.com\/wp-content\/uploads\/2025\/06\/material_4-768x1156.jpg 768w, https:\/\/mangiico.com\/wp-content\/uploads\/2025\/06\/material_4-1020x1536.jpg 1020w, https:\/\/mangiico.com\/wp-content\/uploads\/2025\/06\/material_4-370x557.jpg 370w, https:\/\/mangiico.com\/wp-content\/uploads\/2025\/06\/material_4-770x1159.jpg 770w, https:\/\/mangiico.com\/wp-content\/uploads\/2025\/06\/material_4.jpg 1076w\" sizes=\"auto, (max-width: 680px) 100vw, 680px\" \/><\/div>\n\t\t<\/figure>\n\t<\/div>\n<\/div><\/div><\/div><\/div><\/div><\/div><\/div><\/div><div class=\"vc_row wpb_row vc_row-fluid\"><div class=\"wpb_column vc_column_container vc_col-sm-12 sc_layouts_column_icons_position_left\"><div class=\"vc_column-inner\"><div class=\"wpb_wrapper\"><div class=\"vc_empty_space\"   style=\"height: 0.7rem\"><span class=\"vc_empty_space_inner\"><\/span><\/div><div class=\"vc_empty_space  height_large\"   style=\"height: 0px\"><span class=\"vc_empty_space_inner\"><\/span><\/div><\/div><\/div><\/div><\/div><div class=\"vc_row wpb_row vc_row-fluid\"><div class=\"wpb_column vc_column_container vc_col-sm-12 sc_layouts_column_icons_position_left\"><div class=\"vc_column-inner\"><div class=\"wpb_wrapper\"><div class=\"sc_layouts sc_layouts_default sc_layouts_1475\"><div class=\"vc_row wpb_row vc_row-fluid\"><div class=\"wpb_column vc_column_container vc_col-sm-12 vc_col-lg-offset-2 vc_col-md-offset-2 vc_col-md-8 sc_layouts_column_icons_position_left\"><div class=\"vc_column-inner\"><div class=\"wpb_wrapper\"><div class=\"vc_empty_space\"   style=\"height: 2.2rem\"><span class=\"vc_empty_space_inner\"><\/span><\/div><div class=\"vc_empty_space  height_medium\"   style=\"height: 0px\"><span class=\"vc_empty_space_inner\"><\/span><\/div><div class=\"sc_layouts_item\"><div id=\"sc_title_1194774429\"\n\t\tclass=\"sc_title sc_title_default  vc_custom_1556716015243\"><h3 class=\"sc_item_title sc_title_title sc_align_center sc_item_title_style_default\">G\u1eedi tin nh\u1eafn<\/h3><\/div><!-- \/.sc_title --><\/div>\n<div class=\"wpcf7 no-js\" id=\"wpcf7-f949-o1\" lang=\"en-US\" dir=\"ltr\" data-wpcf7-id=\"949\">\n<div class=\"screen-reader-response\"><p role=\"status\" aria-live=\"polite\" aria-atomic=\"true\"><\/p> <ul><\/ul><\/div>\n<form action=\"\/vi\/wp-json\/wp\/v2\/pages\/1314#wpcf7-f949-o1\" method=\"post\" class=\"wpcf7-form init\" aria-label=\"Contact form\" novalidate=\"novalidate\" data-status=\"init\" data-trp-original-action=\"\/vi\/wp-json\/wp\/v2\/pages\/1314#wpcf7-f949-o1\">\n<fieldset class=\"hidden-fields-container\"><input type=\"hidden\" name=\"_wpcf7\" value=\"949\" \/><input type=\"hidden\" name=\"_wpcf7_version\" value=\"6.1.5\" \/><input type=\"hidden\" name=\"_wpcf7_locale\" value=\"en_US\" \/><input type=\"hidden\" name=\"_wpcf7_unit_tag\" value=\"wpcf7-f949-o1\" \/><input type=\"hidden\" name=\"_wpcf7_container_post\" value=\"0\" \/><input type=\"hidden\" name=\"_wpcf7_posted_data_hash\" value=\"\" \/>\n<\/fieldset>\n<div class=\"flex\">\n<div class='itm row' ><span class=\"wpcf7-form-control-wrap\" data-name=\"your-name\"><input size=\"40\" maxlength=\"400\" class=\"wpcf7-form-control wpcf7-text wpcf7-validates-as-required\" aria-required=\"true\" aria-invalid=\"false\" placeholder=\"T\u00ean c\u1ee7a b\u1ea1n\" value=\"\" type=\"text\" name=\"your-name\" \/><\/span><\/div> \n<div class='itm row'><span class=\"wpcf7-form-control-wrap\" data-name=\"your-email\"><input size=\"40\" maxlength=\"400\" class=\"wpcf7-form-control wpcf7-email wpcf7-validates-as-required wpcf7-text wpcf7-validates-as-email\" aria-required=\"true\" aria-invalid=\"false\" placeholder=\"E-mail\" value=\"\" type=\"email\" name=\"your-email\" \/><\/span><\/div><\/div>\n<div class=''><span class=\"wpcf7-form-control-wrap\" data-name=\"your-message\"><textarea cols=\"40\" rows=\"10\" maxlength=\"2000\" class=\"wpcf7-form-control wpcf7-textarea wpcf7-validates-as-required\" aria-required=\"true\" aria-invalid=\"false\" placeholder=\"Tin nh\u1eafn c\u1ee7a b\u1ea1n\" name=\"your-message\"><\/textarea><\/span><\/div>\n<div class=''><span class=\"wpcf7-form-control-wrap\" data-name=\"acceptance\"><span class=\"wpcf7-form-control wpcf7-acceptance\"><span class=\"wpcf7-list-item\"><label><input type=\"checkbox\" name=\"acceptance\" value=\"1\" aria-invalid=\"false\" \/><span class=\"wpcf7-list-item-label\">T\u00f4i \u0111\u1ed3ng \u00fd th\u00f4ng tin <a href=\"\/vi\/privacy-policy\/\">\u0111\u01b0\u1ee3c ghi nh\u1eadn<\/a>.<\/span><\/label><\/span><\/span><\/span><\/div>\n<div class=\"sc_form_field sc_form_field_button sc_form_field_submit\"><input class=\"wpcf7-form-control wpcf7-submit has-spinner\" type=\"submit\" value=\"G\u1eedi \u0111i\" \/><\/div><div class=\"wpcf7-response-output\" aria-hidden=\"true\"><\/div>\n<input type=\"hidden\" name=\"trp-form-language\" value=\"vi\"\/><\/form>\n<\/div>\n<div class=\"vc_empty_space  height_tiny\"   style=\"height: 0px\"><span class=\"vc_empty_space_inner\"><\/span><\/div><div class=\"vc_empty_space  height_small\"   style=\"height: 0px\"><span class=\"vc_empty_space_inner\"><\/span><\/div><\/div><\/div><\/div><\/div><\/div><\/div><\/div><\/div><\/div>\n<\/div>","protected":false},"excerpt":{"rendered":"EXCLUSIVE FABRIC COLLECTIONS We offer the full fabric collections from many of the world\u2019s most reputable mills, including Holland &amp; Sherry, Ermenegildo Zegna, Drago, and more. This wide selection allows our clients to choose from the finest materials - ranging from luxurious wools and silks to high-performance blends - ensuring each garment meets both aesthetic and functional expectations. At ManGii,&hellip;","protected":false},"author":8,"featured_media":0,"parent":0,"menu_order":0,"comment_status":"closed","ping_status":"closed","template":"","meta":{"footnotes":""},"class_list":["post-1314","page","type-page","status-publish","hentry"],"_links":{"self":[{"href":"https:\/\/mangiico.com\/vi\/wp-json\/wp\/v2\/pages\/1314","targetHints":{"allow":["GET"]}}],"collection":[{"href":"https:\/\/mangiico.com\/vi\/wp-json\/wp\/v2\/pages"}],"about":[{"href":"https:\/\/mangiico.com\/vi\/wp-json\/wp\/v2\/types\/page"}],"author":[{"embeddable":true,"href":"https:\/\/mangiico.com\/vi\/wp-json\/wp\/v2\/users\/8"}],"replies":[{"embeddable":true,"href":"https:\/\/mangiico.com\/vi\/wp-json\/wp\/v2\/comments?post=1314"}],"version-history":[{"count":9,"href":"https:\/\/mangiico.com\/vi\/wp-json\/wp\/v2\/pages\/1314\/revisions"}],"predecessor-version":[{"id":1597,"href":"https:\/\/mangiico.com\/vi\/wp-json\/wp\/v2\/pages\/1314\/revisions\/1597"}],"wp:attachment":[{"href":"https:\/\/mangiico.com\/vi\/wp-json\/wp\/v2\/media?parent=1314"}],"curies":[{"name":"wp","href":"https:\/\/api.w.org\/{rel}","templated":true}]}}