{"id":214,"date":"2016-11-29T14:05:08","date_gmt":"2016-11-29T14:05:08","guid":{"rendered":"https:\/\/staging.mangiico.com\/?page_id=214"},"modified":"2026-03-25T22:15:50","modified_gmt":"2026-03-25T15:15:50","slug":"faq","status":"publish","type":"page","link":"https:\/\/mangiico.com\/vi\/faq","title":{"rendered":"FAQ"},"content":{"rendered":"<div class=\"wpb-content-wrapper\"><div class=\"vc_row wpb_row vc_row-fluid\"><div class=\"wpb_column vc_column_container vc_col-sm-12 sc_layouts_column_icons_position_left\"><div class=\"vc_column-inner\"><div class=\"wpb_wrapper\"><div class=\"vc_tta-container\" data-vc-action=\"collapse\"><div class=\"vc_general vc_tta vc_tta-accordion vc_tta-color-grey vc_tta-style-flat vc_tta-shape-round vc_tta-o-shape-group vc_tta-controls-align-left\"><div class=\"vc_tta-panels-container\"><div class=\"vc_tta-panels\"><div class=\"vc_tta-panel vc_active\" id=\"1750188723544-ff6159c1-b029\" data-vc-content=\".vc_tta-panel-body\"><div class=\"vc_tta-panel-heading\"><h4 class=\"vc_tta-panel-title vc_tta-controls-icon-position-right\"><a href=\"#1750188723544-ff6159c1-b029\" data-vc-accordion data-vc-container=\".vc_tta-container\"><span class=\"vc_tta-title-text\">1. ManGii cung c\u1ea5p nh\u1eefng d\u1ecbch v\u1ee5 g\u00ec?<\/span><i class=\"vc_tta-controls-icon vc_tta-controls-icon-plus\"><\/i><\/a><\/h4><\/div><div class=\"vc_tta-panel-body\">\n\t<div class=\"wpb_text_column wpb_content_element\" >\n\t\t<div class=\"wpb_wrapper\">\n\t\t\t<p>ManGii cung c\u1ea5p d\u1ecbch v\u1ee5 t\u01b0 v\u1ea5n cho c\u00e1c m\u00f4 h\u00ecnh tailoring m\u1edbi, may \u0111o bespoke theo s\u1ed1 \u0111o ri\u00eang c\u1ee7a t\u1eebng kh\u00e1ch h\u00e0ng, c\u00f9ng d\u1ecbch v\u1ee5 l\u1eafp r\u00e1p v\u00e0 ho\u00e0n thi\u1ec7n th\u1ee7 c\u00f4ng t\u1eeb v\u1ea3i \u0111\u00e3 \u0111\u01b0\u1ee3c c\u1eaft s\u1eb5n.<\/p>\n\n\t\t<\/div>\n\t<\/div>\n<\/div><\/div><div class=\"vc_tta-panel\" id=\"1750188723553-61605d85-efa3\" data-vc-content=\".vc_tta-panel-body\"><div class=\"vc_tta-panel-heading\"><h4 class=\"vc_tta-panel-title vc_tta-controls-icon-position-right\"><a href=\"#1750188723553-61605d85-efa3\" data-vc-accordion data-vc-container=\".vc_tta-container\"><span class=\"vc_tta-title-text\">2. Quy tr\u00ecnh \u0111\u1eb7t h\u00e0ng t\u1ea1i ManGii di\u1ec5n ra nh\u01b0 th\u1ebf n\u00e0o?<\/span><i class=\"vc_tta-controls-icon vc_tta-controls-icon-plus\"><\/i><\/a><\/h4><\/div><div class=\"vc_tta-panel-body\">\n\t<div class=\"wpb_text_column wpb_content_element\" >\n\t\t<div class=\"wpb_wrapper\">\n\t\t\t<p>Kh\u00e1ch h\u00e0ng ch\u1ec9 c\u1ea7n cung c\u1ea5p s\u1ed1 \u0111o ho\u1eb7c v\u1ea3i \u0111\u00e3 c\u1eaft. ManGii \u0111\u1ea3m nh\u1eadn tr\u1ecdn v\u1eb9n quy tr\u00ecnh, t\u1eeb t\u01b0 v\u1ea5n, ch\u1ecdn l\u1ef1a ch\u1ea5t li\u1ec7u, c\u1eaft may \u0111\u1ebfn ho\u00e0n thi\u1ec7n cu\u1ed1i c\u00f9ng.<\/p>\n\n\t\t<\/div>\n\t<\/div>\n<\/div><\/div><div class=\"vc_tta-panel\" id=\"1750188723562-a1b2c3d4-e5f6\" data-vc-content=\".vc_tta-panel-body\"><div class=\"vc_tta-panel-heading\"><h4 class=\"vc_tta-panel-title vc_tta-controls-icon-position-right\"><a href=\"#1750188723562-a1b2c3d4-e5f6\" data-vc-accordion data-vc-container=\".vc_tta-container\"><span class=\"vc_tta-title-text\">3. ManGii c\u00f3 nh\u1eadn \u0111\u01a1n h\u00e0ng s\u1ed1 l\u01b0\u1ee3ng l\u1edbn ho\u1eb7c h\u1ee3p t\u00e1c b\u00e1n s\u1ec9 kh\u00f4ng?<\/span><i class=\"vc_tta-controls-icon vc_tta-controls-icon-plus\"><\/i><\/a><\/h4><\/div><div class=\"vc_tta-panel-body\">\n\t<div class=\"wpb_text_column wpb_content_element\" >\n\t\t<div class=\"wpb_wrapper\">\n\t\t\t<p>C\u00f3. ManGii h\u1ee3p t\u00e1c c\u00f9ng c\u00e1c c\u1eeda h\u00e0ng, th\u01b0\u01a1ng hi\u1ec7u v\u00e0 \u0111\u1ed1i t\u00e1c private label cho c\u00e1c \u0111\u01a1n h\u00e0ng s\u1ed1 l\u01b0\u1ee3ng l\u1edbn, \u0111\u1ed3ng th\u1eddi \u0111\u1ea3m b\u1ea3o ch\u1ea5t l\u01b0\u1ee3ng th\u1ee7 c\u00f4ng \u0111\u1ed3ng nh\u1ea5t tr\u00ean t\u1eebng s\u1ea3n ph\u1ea9m.<\/p>\n\n\t\t<\/div>\n\t<\/div>\n<\/div><\/div><div class=\"vc_tta-panel\" id=\"1750188723571-g7h8i9j0-k1l2\" data-vc-content=\".vc_tta-panel-body\"><div class=\"vc_tta-panel-heading\"><h4 class=\"vc_tta-panel-title vc_tta-controls-icon-position-right\"><a href=\"#1750188723571-g7h8i9j0-k1l2\" data-vc-accordion data-vc-container=\".vc_tta-container\"><span class=\"vc_tta-title-text\">4. Th\u1eddi gian ho\u00e0n thi\u1ec7n m\u1ed9t \u0111\u01a1n h\u00e0ng l\u00e0 bao l\u00e2u?<\/span><i class=\"vc_tta-controls-icon vc_tta-controls-icon-plus\"><\/i><\/a><\/h4><\/div><div class=\"vc_tta-panel-body\">\n\t<div class=\"wpb_text_column wpb_content_element\" >\n\t\t<div class=\"wpb_wrapper\">\n\t\t\t<p>Th\u1eddi gian th\u1ef1c hi\u1ec7n ph\u1ee5 thu\u1ed9c v\u00e0o \u0111\u1ed9 ph\u1ee9c t\u1ea1p v\u00e0 quy m\u00f4 \u0111\u01a1n h\u00e0ng, th\u00f4ng th\u01b0\u1eddng t\u1eeb 2 \u0111\u1ebfn 4 tu\u1ea7n.<\/p>\n\n\t\t<\/div>\n\t<\/div>\n<\/div><\/div><div class=\"vc_tta-panel\" id=\"1750188723580-m3n4o5p6-q7r8\" data-vc-content=\".vc_tta-panel-body\"><div class=\"vc_tta-panel-heading\"><h4 class=\"vc_tta-panel-title vc_tta-controls-icon-position-right\"><a href=\"#1750188723580-m3n4o5p6-q7r8\" data-vc-accordion data-vc-container=\".vc_tta-container\"><span class=\"vc_tta-title-text\">5. ManGii s\u1eed d\u1ee5ng nh\u1eefng lo\u1ea1i v\u1ea3i n\u00e0o?<\/span><i class=\"vc_tta-controls-icon vc_tta-controls-icon-plus\"><\/i><\/a><\/h4><\/div><div class=\"vc_tta-panel-body\">\n\t<div class=\"wpb_text_column wpb_content_element\" >\n\t\t<div class=\"wpb_wrapper\">\n\t\t\t<p>Ch\u00fang t\u00f4i s\u1eed d\u1ee5ng c\u00e1c lo\u1ea1i v\u1ea3i cao c\u1ea5p, \u0111\u01b0\u1ee3c tuy\u1ec3n ch\u1ecdn k\u1ef9 l\u01b0\u1ee1ng nh\u1eb1m \u0111\u1ea3m b\u1ea3o \u0111\u1ed9 b\u1ec1n, s\u1ef1 tho\u1ea3i m\u00e1i v\u00e0 \u0111\u1ed9 r\u1ee7 phom ho\u00e0n h\u1ea3o cho t\u1eebng thi\u1ebft k\u1ebf.<\/p>\n\n\t\t<\/div>\n\t<\/div>\n<\/div><\/div><div class=\"vc_tta-panel\" id=\"1750188723589-s9t0u1v2-w3x4\" data-vc-content=\".vc_tta-panel-body\"><div class=\"vc_tta-panel-heading\"><h4 class=\"vc_tta-panel-title vc_tta-controls-icon-position-right\"><a href=\"#1750188723589-s9t0u1v2-w3x4\" data-vc-accordion data-vc-container=\".vc_tta-container\"><span class=\"vc_tta-title-text\">6. ManGii c\u00f3 cung c\u1ea5p d\u1ecbch v\u1ee5 t\u01b0 v\u1ea5n cho ng\u01b0\u1eddi kh\u1edfi nghi\u1ec7p trong l\u0129nh v\u1ef1c tailoring kh\u00f4ng?<\/span><i class=\"vc_tta-controls-icon vc_tta-controls-icon-plus\"><\/i><\/a><\/h4><\/div><div class=\"vc_tta-panel-body\">\n\t<div class=\"wpb_text_column wpb_content_element\" >\n\t\t<div class=\"wpb_wrapper\">\n\t\t\t<p>C\u00f3. C\u00e1c g\u00f3i t\u01b0 v\u1ea5n c\u1ee7a ManGii bao g\u1ed3m \u0111\u1ecbnh h\u01b0\u1edbng ch\u1ea5t li\u1ec7u, x\u00e2y d\u1ef1ng m\u00f4 h\u00ecnh kinh doanh, t\u1ed1i \u01b0u quy tr\u00ecnh v\u1eadn h\u00e0nh v\u00e0 ho\u1ea1ch \u0111\u1ecbnh t\u00e0i ch\u00ednh cho c\u00e1c th\u01b0\u01a1ng hi\u1ec7u tailoring m\u1edbi.<\/p>\n\n\t\t<\/div>\n\t<\/div>\n<\/div><\/div><div class=\"vc_tta-panel\" id=\"1750188723598-y5z6a7b8-c9d0\" data-vc-content=\".vc_tta-panel-body\"><div class=\"vc_tta-panel-heading\"><h4 class=\"vc_tta-panel-title vc_tta-controls-icon-position-right\"><a href=\"#1750188723598-y5z6a7b8-c9d0\" data-vc-accordion data-vc-container=\".vc_tta-container\"><span class=\"vc_tta-title-text\">7. Ai tr\u1ef1c ti\u1ebfp th\u1ef1c hi\u1ec7n c\u00e1c s\u1ea3n ph\u1ea9m t\u1ea1i ManGii?<\/span><i class=\"vc_tta-controls-icon vc_tta-controls-icon-plus\"><\/i><\/a><\/h4><\/div><div class=\"vc_tta-panel-body\">\n\t<div class=\"wpb_text_column wpb_content_element\" >\n\t\t<div class=\"wpb_wrapper\">\n\t\t\t<p>M\u1ed7i s\u1ea3n ph\u1ea9m \u0111\u1ec1u \u0111\u01b0\u1ee3c th\u1ef1c hi\u1ec7n d\u01b0\u1edbi s\u1ef1 gi\u00e1m s\u00e1t c\u1ee7a \u0111\u1ed9i ng\u0169 th\u1ee3 may b\u1eadc th\u1ea7y gi\u00e0u kinh nghi\u1ec7m, t\u1eeb d\u1ef1ng r\u1eadp \u0111\u1ebfn ho\u00e0n thi\u1ec7n th\u1ee7 c\u00f4ng, nh\u1eb1m duy tr\u00ec ti\u00eau chu\u1ea9n ch\u1ebf t\u00e1c cao nh\u1ea5t.<\/p>\n\n\t\t<\/div>\n\t<\/div>\n<\/div><\/div><\/div><\/div><\/div><\/div><\/div><\/div><\/div><\/div><div class=\"vc_row wpb_row vc_row-fluid\"><div class=\"wpb_column vc_column_container vc_col-sm-12 sc_layouts_column_icons_position_left\"><div class=\"vc_column-inner\"><div class=\"wpb_wrapper\"><div class=\"sc_layouts sc_layouts_default sc_layouts_1475\"><div class=\"vc_row wpb_row vc_row-fluid\"><div class=\"wpb_column vc_column_container vc_col-sm-12 vc_col-lg-offset-2 vc_col-md-offset-2 vc_col-md-8 sc_layouts_column_icons_position_left\"><div class=\"vc_column-inner\"><div class=\"wpb_wrapper\"><div class=\"vc_empty_space\"   style=\"height: 2.2rem\"><span class=\"vc_empty_space_inner\"><\/span><\/div><div class=\"vc_empty_space  height_medium\"   style=\"height: 0px\"><span class=\"vc_empty_space_inner\"><\/span><\/div><div class=\"sc_layouts_item\"><div id=\"sc_title_472610435\"\n\t\tclass=\"sc_title sc_title_default  vc_custom_1556716015243\"><h3 class=\"sc_item_title sc_title_title sc_align_center sc_item_title_style_default\">G\u1eedi tin nh\u1eafn<\/h3><\/div><!-- \/.sc_title --><\/div>\n<div class=\"wpcf7 no-js\" id=\"wpcf7-f949-o1\" lang=\"en-US\" dir=\"ltr\" data-wpcf7-id=\"949\">\n<div class=\"screen-reader-response\"><p role=\"status\" aria-live=\"polite\" aria-atomic=\"true\"><\/p> <ul><\/ul><\/div>\n<form action=\"\/vi\/wp-json\/wp\/v2\/pages\/214#wpcf7-f949-o1\" method=\"post\" class=\"wpcf7-form init\" aria-label=\"Contact form\" novalidate=\"novalidate\" data-status=\"init\" data-trp-original-action=\"\/vi\/wp-json\/wp\/v2\/pages\/214#wpcf7-f949-o1\">\n<fieldset class=\"hidden-fields-container\"><input type=\"hidden\" name=\"_wpcf7\" value=\"949\" \/><input type=\"hidden\" name=\"_wpcf7_version\" value=\"6.1.5\" \/><input type=\"hidden\" name=\"_wpcf7_locale\" value=\"en_US\" \/><input type=\"hidden\" name=\"_wpcf7_unit_tag\" value=\"wpcf7-f949-o1\" \/><input type=\"hidden\" name=\"_wpcf7_container_post\" value=\"0\" \/><input type=\"hidden\" name=\"_wpcf7_posted_data_hash\" value=\"\" \/>\n<\/fieldset>\n<div class=\"flex\">\n<div class='itm row' ><span class=\"wpcf7-form-control-wrap\" data-name=\"your-name\"><input size=\"40\" maxlength=\"400\" class=\"wpcf7-form-control wpcf7-text wpcf7-validates-as-required\" aria-required=\"true\" aria-invalid=\"false\" placeholder=\"T\u00ean c\u1ee7a b\u1ea1n\" value=\"\" type=\"text\" name=\"your-name\" \/><\/span><\/div> \n<div class='itm row'><span class=\"wpcf7-form-control-wrap\" data-name=\"your-email\"><input size=\"40\" maxlength=\"400\" class=\"wpcf7-form-control wpcf7-email wpcf7-validates-as-required wpcf7-text wpcf7-validates-as-email\" aria-required=\"true\" aria-invalid=\"false\" placeholder=\"E-mail\" value=\"\" type=\"email\" name=\"your-email\" \/><\/span><\/div><\/div>\n<div class=''><span class=\"wpcf7-form-control-wrap\" data-name=\"your-message\"><textarea cols=\"40\" rows=\"10\" maxlength=\"2000\" class=\"wpcf7-form-control wpcf7-textarea wpcf7-validates-as-required\" aria-required=\"true\" aria-invalid=\"false\" placeholder=\"Tin nh\u1eafn c\u1ee7a b\u1ea1n\" name=\"your-message\"><\/textarea><\/span><\/div>\n<div class=''><span class=\"wpcf7-form-control-wrap\" data-name=\"acceptance\"><span class=\"wpcf7-form-control wpcf7-acceptance\"><span class=\"wpcf7-list-item\"><label><input type=\"checkbox\" name=\"acceptance\" value=\"1\" aria-invalid=\"false\" \/><span class=\"wpcf7-list-item-label\">T\u00f4i \u0111\u1ed3ng \u00fd th\u00f4ng tin <a href=\"\/vi\/privacy-policy\/\">\u0111\u01b0\u1ee3c ghi nh\u1eadn<\/a>.<\/span><\/label><\/span><\/span><\/span><\/div>\n<div class=\"sc_form_field sc_form_field_button sc_form_field_submit\"><input class=\"wpcf7-form-control wpcf7-submit has-spinner\" type=\"submit\" value=\"G\u1eedi \u0111i\" \/><\/div><div class=\"wpcf7-response-output\" aria-hidden=\"true\"><\/div>\n<input type=\"hidden\" name=\"trp-form-language\" value=\"vi\"\/><\/form>\n<\/div>\n<div class=\"vc_empty_space  height_tiny\"   style=\"height: 0px\"><span class=\"vc_empty_space_inner\"><\/span><\/div><div class=\"vc_empty_space  height_small\"   style=\"height: 0px\"><span class=\"vc_empty_space_inner\"><\/span><\/div><\/div><\/div><\/div><\/div><\/div><\/div><\/div><\/div><\/div>\n<\/div>","protected":false},"excerpt":{"rendered":"1. What services does ManGii offer? We provide business consulting for new tailoring ventures, full bespoke tailoring based on client measurements, and hand-finished assembly of pre-cut fabrics. 2. What is the process for placing an order with ManGii? Simply provide your measurements or pre-cut fabrics. We handle everything from consulting and fabric selection to cutting, sewing, and final finishing. 3.&hellip;","protected":false},"author":8,"featured_media":0,"parent":0,"menu_order":0,"comment_status":"closed","ping_status":"closed","template":"","meta":{"footnotes":""},"class_list":["post-214","page","type-page","status-publish","hentry"],"_links":{"self":[{"href":"https:\/\/mangiico.com\/vi\/wp-json\/wp\/v2\/pages\/214","targetHints":{"allow":["GET"]}}],"collection":[{"href":"https:\/\/mangiico.com\/vi\/wp-json\/wp\/v2\/pages"}],"about":[{"href":"https:\/\/mangiico.com\/vi\/wp-json\/wp\/v2\/types\/page"}],"author":[{"embeddable":true,"href":"https:\/\/mangiico.com\/vi\/wp-json\/wp\/v2\/users\/8"}],"replies":[{"embeddable":true,"href":"https:\/\/mangiico.com\/vi\/wp-json\/wp\/v2\/comments?post=214"}],"version-history":[{"count":11,"href":"https:\/\/mangiico.com\/vi\/wp-json\/wp\/v2\/pages\/214\/revisions"}],"predecessor-version":[{"id":1587,"href":"https:\/\/mangiico.com\/vi\/wp-json\/wp\/v2\/pages\/214\/revisions\/1587"}],"wp:attachment":[{"href":"https:\/\/mangiico.com\/vi\/wp-json\/wp\/v2\/media?parent=214"}],"curies":[{"name":"wp","href":"https:\/\/api.w.org\/{rel}","templated":true}]}}