{"id":29,"date":"2016-11-25T14:56:23","date_gmt":"2016-11-25T14:56:23","guid":{"rendered":"https:\/\/staging.mangiico.com\/?page_id=29"},"modified":"2026-03-25T22:15:50","modified_gmt":"2026-03-25T15:15:50","slug":"our-services","status":"publish","type":"page","link":"https:\/\/mangiico.com\/vi\/our-services","title":{"rendered":"D\u1ecbch v\u1ee5"},"content":{"rendered":"<div class=\"wpb-content-wrapper\"><div class=\"vc_row wpb_row vc_row-fluid\"><div class=\"wpb_column vc_column_container vc_col-sm-12 sc_layouts_column_icons_position_left\"><div class=\"vc_column-inner\"><div class=\"wpb_wrapper\"><div class=\"vc_empty_space\"   style=\"height: 0.7rem\"><span class=\"vc_empty_space_inner\"><\/span><\/div><div class=\"vc_empty_space  height_large\"   style=\"height: 0px\"><span class=\"vc_empty_space_inner\"><\/span><\/div><\/div><\/div><\/div><\/div><div class=\"vc_row wpb_row vc_row-fluid\"><div class=\"wpb_column vc_column_container vc_col-sm-12 sc_layouts_column_icons_position_left\"><div class=\"vc_column-inner\"><div class=\"wpb_wrapper\">\n\t<div  class=\"wpb_single_image wpb_content_element vc_align_left wpb_content_element\">\n\t\t\n\t\t<figure class=\"wpb_wrapper vc_figure\">\n\t\t\t<div class=\"vc_single_image-wrapper   vc_box_border_grey\"><img loading=\"lazy\" decoding=\"async\" width=\"1920\" height=\"849\" src=\"https:\/\/mangiico.com\/wp-content\/uploads\/2025\/06\/tailoring_services.jpg\" class=\"vc_single_image-img attachment-full\" alt=\"\" title=\"tailoring_services\" srcset=\"https:\/\/mangiico.com\/wp-content\/uploads\/2025\/06\/tailoring_services.jpg 1920w, https:\/\/mangiico.com\/wp-content\/uploads\/2025\/06\/tailoring_services-300x133.jpg 300w, https:\/\/mangiico.com\/wp-content\/uploads\/2025\/06\/tailoring_services-1024x453.jpg 1024w, https:\/\/mangiico.com\/wp-content\/uploads\/2025\/06\/tailoring_services-768x340.jpg 768w, https:\/\/mangiico.com\/wp-content\/uploads\/2025\/06\/tailoring_services-1536x679.jpg 1536w, https:\/\/mangiico.com\/wp-content\/uploads\/2025\/06\/tailoring_services-370x164.jpg 370w, https:\/\/mangiico.com\/wp-content\/uploads\/2025\/06\/tailoring_services-770x340.jpg 770w\" sizes=\"auto, (max-width: 1920px) 100vw, 1920px\" \/><\/div>\n\t\t<\/figure>\n\t<\/div>\n<div class=\"vc_empty_space  height_medium\"   style=\"height: 0px\"><span class=\"vc_empty_space_inner\"><\/span><\/div><h4 style=\"text-align: left\" class=\"vc_custom_heading vc_do_custom_heading\" >D\u1ecaCH V\u1ee4 MAY \u0110O BESPOKE<\/h4><div class=\"vc_empty_space  height_small\"   style=\"height: 0px\"><span class=\"vc_empty_space_inner\"><\/span><\/div>\n\t<div class=\"wpb_text_column wpb_content_element\" >\n\t\t<div class=\"wpb_wrapper\">\n\t\t\t<p>D\u1ecbch v\u1ee5 may \u0111o bespoke c\u1ee7a ManGii bi\u1ebfn t\u1eebng s\u1ed1 \u0111o ri\u00eang bi\u1ec7t th\u00e0nh nh\u1eefng trang ph\u1ee5c \u0111\u1ed9c b\u1ea3n. M\u1ed7i s\u1ea3n ph\u1ea9m \u0111\u01b0\u1ee3c th\u1ef1c hi\u1ec7n b\u1edfi \u0111\u1ed9i ng\u0169 th\u1ee3 may l\u00e0nh ngh\u1ec1, t\u1eeb \u0111\u01b0\u1eddng c\u1eaft \u0111\u1ea7u ti\u00ean cho \u0111\u1ebfn t\u1eebng chi ti\u1ebft ho\u00e0n thi\u1ec7n th\u1ee7 c\u00f4ng cu\u1ed1i c\u00f9ng, v\u1edbi tr\u1ecdng t\u00e2m l\u00e0 phom d\u00e1ng chu\u1ea9n x\u00e1c, ch\u1ea5t l\u01b0\u1ee3ng v\u01b0\u1ee3t tr\u1ed9i v\u00e0 d\u1ea5u \u1ea5n c\u00e1 nh\u00e2n r\u00f5 n\u00e9t. ManGii mang \u0111\u1ebfn d\u1ea3i thi\u1ebft k\u1ebf \u0111a d\u1ea1ng, t\u1eeb nh\u1eefng b\u1ed9 suit trang tr\u1ecdng v\u01b0\u1ee3t th\u1eddi gian \u0111\u1ebfn c\u00e1c thi\u1ebft k\u1ebf hi\u1ec7n \u0111\u1ea1i, \u1ee9ng d\u1ee5ng cao nh\u01b0 safari jacket hay unstructured blazer, \u0111\u00e1p \u1ee9ng s\u1ef1 linh ho\u1ea1t v\u00e0 tinh t\u1ebf cho m\u1ecdi t\u1ee7 \u0111\u1ed3.<\/p>\n<p>\u0110\u1ed1i v\u1edbi nh\u1eefng kh\u00e1ch h\u00e0ng \u0111\u00e3 c\u00f3 v\u1ea3i c\u1eaft s\u1eb5n nh\u01b0ng v\u1eabn y\u00eau c\u1ea7u ti\u00eau chu\u1ea9n ho\u00e0n thi\u1ec7n \u1edf m\u1ee9c th\u1ee7 c\u00f4ng cao c\u1ea5p, d\u1ecbch v\u1ee5 Handcrafted Assembly c\u1ee7a ManGii mang l\u1ea1i s\u1ef1 ch\u1ec9n chu \u0111\u1ebfn t\u1eebng chi ti\u1ebft. \u0110\u1ed9i ng\u0169 th\u1ee3 may gi\u00e0u kinh nghi\u1ec7m s\u1ebd l\u1eafp r\u00e1p v\u00e0 ho\u00e0n thi\u1ec7n t\u1eebng s\u1ea3n ph\u1ea9m m\u1ed9t c\u00e1ch t\u1ec9 m\u1ec9, t\u1eeb khuy \u00e1o, l\u1edbp l\u00f3t \u0111\u1ebfn c\u00e1c \u0111\u01b0\u1eddng vi\u1ec1n \u0111\u01b0\u1ee3c may tay theo \u0111\u00fang y\u00eau c\u1ea7u. S\u1ef1 k\u1ebft h\u1ee3p h\u00e0i h\u00f2a gi\u1eefa hi\u1ec7u qu\u1ea3 hi\u1ec7n \u0111\u1ea1i v\u00e0 k\u1ef9 ngh\u1ec7 th\u1ee7 c\u00f4ng truy\u1ec1n th\u1ed1ng \u0111\u1ea3m b\u1ea3o \u0111\u1ed9 b\u1ec1n, ch\u1ea5t l\u01b0\u1ee3ng bespoke v\u00e0 d\u1ea5u \u1ea5n c\u00e1 nh\u00e2n trong m\u1ed7i s\u1ea3n ph\u1ea9m ho\u00e0n ch\u1ec9nh.<\/p>\n<p>D\u00f9 b\u1ea1n l\u00e0 kh\u00e1ch h\u00e0ng c\u00e1 nh\u00e2n, boutique hay th\u01b0\u01a1ng hi\u1ec7u, ManGii lu\u00f4n cam k\u1ebft \u0111\u1eb7t tay ngh\u1ec1 th\u1ee7 c\u00f4ng v\u00e0 kh\u1ea3 n\u0103ng c\u00e1 nh\u00e2n h\u00f3a \u1edf trung t\u00e2m c\u1ee7a m\u1ecdi quy tr\u00ecnh, tr\u1edf th\u00e0nh \u0111\u1ed1i t\u00e1c tin c\u1eady cho nh\u1eefng ai \u0111\u1ec1 cao s\u1ef1 kh\u00e1c bi\u1ec7t trong may \u0111o bespoke.<\/p>\n\n\t\t<\/div>\n\t<\/div>\n<div class=\"vc_row wpb_row vc_inner vc_row-fluid\"><div class=\"wpb_column vc_column_container vc_col-sm-12 sc_layouts_column_icons_position_left\"><div class=\"vc_column-inner\"><div class=\"wpb_wrapper\"><div class=\"vc_empty_space  height_medium\"   style=\"height: 32px\"><span class=\"vc_empty_space_inner\"><\/span><\/div><\/div><\/div><\/div><\/div><div class=\"vc_row wpb_row vc_inner vc_row-fluid\"><div class=\"wpb_column vc_column_container vc_col-sm-6 sc_layouts_column_icons_position_left\"><div class=\"vc_column-inner\"><div class=\"wpb_wrapper\">\n\t<div  class=\"wpb_single_image wpb_content_element vc_align_left wpb_content_element\">\n\t\t\n\t\t<figure class=\"wpb_wrapper vc_figure\">\n\t\t\t<div class=\"vc_single_image-wrapper   vc_box_border_grey\"><img loading=\"lazy\" decoding=\"async\" width=\"1024\" height=\"680\" src=\"https:\/\/mangiico.com\/wp-content\/uploads\/2025\/06\/tailoring_1-1024x680.jpg\" class=\"vc_single_image-img attachment-large\" alt=\"\" title=\"tailoring_1\" srcset=\"https:\/\/mangiico.com\/wp-content\/uploads\/2025\/06\/tailoring_1-1024x680.jpg 1024w, https:\/\/mangiico.com\/wp-content\/uploads\/2025\/06\/tailoring_1-300x199.jpg 300w, https:\/\/mangiico.com\/wp-content\/uploads\/2025\/06\/tailoring_1-768x510.jpg 768w, https:\/\/mangiico.com\/wp-content\/uploads\/2025\/06\/tailoring_1-370x246.jpg 370w, https:\/\/mangiico.com\/wp-content\/uploads\/2025\/06\/tailoring_1-770x511.jpg 770w, https:\/\/mangiico.com\/wp-content\/uploads\/2025\/06\/tailoring_1.jpg 1187w\" sizes=\"auto, (max-width: 1024px) 100vw, 1024px\" \/><\/div>\n\t\t<\/figure>\n\t<\/div>\n<\/div><\/div><\/div><div class=\"wpb_column vc_column_container vc_col-sm-6 sc_layouts_column_icons_position_left\"><div class=\"vc_column-inner\"><div class=\"wpb_wrapper\">\n\t<div  class=\"wpb_single_image wpb_content_element vc_align_left wpb_content_element\">\n\t\t\n\t\t<figure class=\"wpb_wrapper vc_figure\">\n\t\t\t<div class=\"vc_single_image-wrapper   vc_box_border_grey\"><img loading=\"lazy\" decoding=\"async\" width=\"1024\" height=\"680\" src=\"https:\/\/mangiico.com\/wp-content\/uploads\/2025\/06\/tailoring_2-1024x680.jpg\" class=\"vc_single_image-img attachment-large\" alt=\"\" title=\"tailoring_2\" srcset=\"https:\/\/mangiico.com\/wp-content\/uploads\/2025\/06\/tailoring_2-1024x680.jpg 1024w, https:\/\/mangiico.com\/wp-content\/uploads\/2025\/06\/tailoring_2-300x199.jpg 300w, https:\/\/mangiico.com\/wp-content\/uploads\/2025\/06\/tailoring_2-768x510.jpg 768w, https:\/\/mangiico.com\/wp-content\/uploads\/2025\/06\/tailoring_2-370x246.jpg 370w, https:\/\/mangiico.com\/wp-content\/uploads\/2025\/06\/tailoring_2-770x511.jpg 770w, https:\/\/mangiico.com\/wp-content\/uploads\/2025\/06\/tailoring_2.jpg 1184w\" sizes=\"auto, (max-width: 1024px) 100vw, 1024px\" \/><\/div>\n\t\t<\/figure>\n\t<\/div>\n<\/div><\/div><\/div><\/div><div class=\"vc_row wpb_row vc_inner vc_row-fluid\"><div class=\"wpb_column vc_column_container vc_col-sm-12 sc_layouts_column_icons_position_left\"><div class=\"vc_column-inner\"><div class=\"wpb_wrapper\"><div class=\"vc_empty_space  height_medium\"   style=\"height: 32px\"><span class=\"vc_empty_space_inner\"><\/span><\/div><\/div><\/div><\/div><\/div><div class=\"vc_row wpb_row vc_inner vc_row-fluid vc_custom_1750154760399 vc_row-has-fill\"><div class=\"wpb_column vc_column_container vc_col-sm-2 sc_layouts_column_icons_position_left\"><div class=\"vc_column-inner\"><div class=\"wpb_wrapper\">\n\t<div  class=\"wpb_single_image wpb_content_element vc_align_right wpb_content_element\">\n\t\t\n\t\t<figure class=\"wpb_wrapper vc_figure\">\n\t\t\t<div class=\"vc_single_image-wrapper   vc_box_border_grey\"><img loading=\"lazy\" decoding=\"async\" width=\"40\" height=\"19\" src=\"https:\/\/mangiico.com\/wp-content\/uploads\/2025\/06\/icon-quote-1x.png\" class=\"vc_single_image-img attachment-large\" alt=\"\" title=\"icon-quote-1x\" \/><\/div>\n\t\t<\/figure>\n\t<\/div>\n<\/div><\/div><\/div><div class=\"wpb_column vc_column_container vc_col-sm-8 vc_col-lg-offset-0 vc_col-has-fill sc_layouts_column_icons_position_left\"><div class=\"vc_column-inner vc_custom_1750155272191\"><div class=\"wpb_wrapper\">\n\t<div class=\"wpb_text_column wpb_content_element\" >\n\t\t<div class=\"wpb_wrapper\">\n\t\t\t<p>T\u1eeb \u00e1o jacket full-canvas \u0111\u01b0\u1ee3c pad tay ho\u00e0n to\u00e0n \u0111\u1ebfn t\u1eebng chi ti\u1ebft ho\u00e0n thi\u1ec7n th\u1ee7 c\u00f4ng chu\u1ea9n x\u00e1c, ManGii c\u00e1 nh\u00e2n h\u00f3a m\u1ecdi y\u1ebfu t\u1ed1 \u0111\u1ec3 \u0111\u00e1p \u1ee9ng nh\u1eefng ti\u00eau chu\u1ea9n kh\u1eaft khe nh\u1ea5t c\u1ee7a t\u1eebng kh\u00e1ch h\u00e0ng.<\/p>\n\n\t\t<\/div>\n\t<\/div>\n<\/div><\/div><\/div><div class=\"wpb_column vc_column_container vc_col-sm-2 sc_layouts_column_icons_position_left\"><div class=\"vc_column-inner\"><div class=\"wpb_wrapper\"><\/div><\/div><\/div><\/div><\/div><\/div><\/div><\/div><div class=\"vc_row wpb_row vc_row-fluid\"><div class=\"wpb_column vc_column_container vc_col-sm-12 sc_layouts_column_icons_position_left\"><div class=\"vc_column-inner\"><div class=\"wpb_wrapper\"><div class=\"vc_empty_space\"   style=\"height: 0.7rem\"><span class=\"vc_empty_space_inner\"><\/span><\/div><div class=\"vc_empty_space  height_large\"   style=\"height: 0px\"><span class=\"vc_empty_space_inner\"><\/span><\/div><\/div><\/div><\/div><\/div><div class=\"vc_row wpb_row vc_row-fluid\"><div class=\"wpb_column vc_column_container vc_col-sm-12 sc_layouts_column_icons_position_left\"><div class=\"vc_column-inner\"><div class=\"wpb_wrapper\"><h4 style=\"text-align: left\" class=\"vc_custom_heading vc_do_custom_heading\" >S\u1ea2N XU\u1ea4T TR\u1ef0C TI\u1ebeP T\u1ea0I X\u01af\u1edeNG<\/h4><div class=\"vc_empty_space  height_small\"   style=\"height: 0px\"><span class=\"vc_empty_space_inner\"><\/span><\/div>\n\t<div class=\"wpb_text_column wpb_content_element\" >\n\t\t<div class=\"wpb_wrapper\">\n\t\t\t<p>Vi\u1ec7c duy tr\u00ec ti\u00eau chu\u1ea9n ki\u1ec3m so\u00e1t ch\u1ea5t l\u01b0\u1ee3ng cao nh\u1ea5t \u1edf m\u1ecdi c\u00f4ng \u0111o\u1ea1n s\u1ea3n xu\u1ea5t g\u1ea7n nh\u01b0 l\u00e0 m\u1ed9t \u00e1m \u1ea3nh t\u00edch c\u1ef1c \u0111\u1ed1i v\u1edbi ManGii. Tailoring l\u00e0 m\u1ed9t ngh\u1ec1 \u0111\u00f2i h\u1ecfi c\u01b0\u1eddng \u0111\u1ed9 lao \u0111\u1ed9ng cao v\u00e0 tay ngh\u1ec1 chuy\u00ean s\u00e2u, v\u00ec v\u1eady ch\u00fang t\u00f4i \u0111\u1ea7u t\u01b0 nghi\u00eam t\u00fac v\u00e0o \u0111\u00e0o t\u1ea1o v\u00e0 ph\u00e1t tri\u1ec3n \u0111\u1ed9i ng\u0169 ngh\u1ec7 nh\u00e2n c\u1ee7a m\u00ecnh.<\/p>\n<p>ManGii l\u00e0m vi\u1ec7c s\u00e1t sao v\u1edbi t\u1eebng ng\u01b0\u1eddi th\u1ee3 \u0111\u1ec3 ho\u00e0n thi\u1ec7n k\u1ef9 thu\u1eadt v\u00e0 g\u00ecn gi\u1eef nh\u1eefng ph\u01b0\u01a1ng ph\u00e1p may \u0111o truy\u1ec1n th\u1ed1ng \u0111\u00e3 \u0111\u01b0\u1ee3c ki\u1ec3m ch\u1ee9ng qua th\u1eddi gian. Ch\u00fang t\u00f4i t\u1ef1 h\u00e0o l\u00e0 m\u1ed9t trong s\u1ed1 r\u1ea5t \u00edt nh\u00e0 may t\u1ea1i Vi\u1ec7t Nam c\u00f3 kh\u1ea3 n\u0103ng th\u1ef1c hi\u1ec7n tr\u1ecdn v\u1eb9n c\u00e1c s\u1ea3n ph\u1ea9m fully bespoke th\u1ef1c th\u1ee5, t\u1eeb \u00e1o jacket full-canvas \u0111\u01b0\u1ee3c pad tay ho\u00e0n to\u00e0n cho \u0111\u1ebfn t\u1eebng khuy \u00e1o \u0111\u01b0\u1ee3c may tay t\u1ec9 m\u1ec9 tr\u00ean \u00e1o s\u01a1 mi v\u00e0 qu\u1ea7n \u00e2u.<\/p>\n\n\t\t<\/div>\n\t<\/div>\n<div class=\"vc_empty_space  height_medium\"   style=\"height: 32px\"><span class=\"vc_empty_space_inner\"><\/span><\/div><div class=\"vc_row wpb_row vc_inner vc_row-fluid\"><div class=\"wpb_column vc_column_container vc_col-sm-6 sc_layouts_column_icons_position_left\"><div class=\"vc_column-inner\"><div class=\"wpb_wrapper\">\n\t<div  class=\"wpb_single_image wpb_content_element vc_align_left wpb_content_element\">\n\t\t\n\t\t<figure class=\"wpb_wrapper vc_figure\">\n\t\t\t<div class=\"vc_single_image-wrapper   vc_box_border_grey\"><img loading=\"lazy\" decoding=\"async\" width=\"680\" height=\"1024\" src=\"https:\/\/mangiico.com\/wp-content\/uploads\/2025\/06\/tailoring_3-680x1024.jpg\" class=\"vc_single_image-img attachment-large\" alt=\"\" title=\"tailoring_3\" srcset=\"https:\/\/mangiico.com\/wp-content\/uploads\/2025\/06\/tailoring_3-680x1024.jpg 680w, https:\/\/mangiico.com\/wp-content\/uploads\/2025\/06\/tailoring_3-199x300.jpg 199w, https:\/\/mangiico.com\/wp-content\/uploads\/2025\/06\/tailoring_3-768x1156.jpg 768w, https:\/\/mangiico.com\/wp-content\/uploads\/2025\/06\/tailoring_3-1020x1536.jpg 1020w, https:\/\/mangiico.com\/wp-content\/uploads\/2025\/06\/tailoring_3-370x557.jpg 370w, https:\/\/mangiico.com\/wp-content\/uploads\/2025\/06\/tailoring_3-770x1159.jpg 770w, https:\/\/mangiico.com\/wp-content\/uploads\/2025\/06\/tailoring_3.jpg 1160w\" sizes=\"auto, (max-width: 680px) 100vw, 680px\" \/><\/div>\n\t\t<\/figure>\n\t<\/div>\n<\/div><\/div><\/div><div class=\"wpb_column vc_column_container vc_col-sm-6 sc_layouts_column_icons_position_left\"><div class=\"vc_column-inner\"><div class=\"wpb_wrapper\">\n\t<div  class=\"wpb_single_image wpb_content_element vc_align_left wpb_content_element\">\n\t\t\n\t\t<figure class=\"wpb_wrapper vc_figure\">\n\t\t\t<div class=\"vc_single_image-wrapper   vc_box_border_grey\"><img loading=\"lazy\" decoding=\"async\" width=\"680\" height=\"1024\" src=\"https:\/\/mangiico.com\/wp-content\/uploads\/2025\/06\/tailoring_4-680x1024.jpg\" class=\"vc_single_image-img attachment-large\" alt=\"\" title=\"tailoring_4\" srcset=\"https:\/\/mangiico.com\/wp-content\/uploads\/2025\/06\/tailoring_4-680x1024.jpg 680w, https:\/\/mangiico.com\/wp-content\/uploads\/2025\/06\/tailoring_4-199x300.jpg 199w, https:\/\/mangiico.com\/wp-content\/uploads\/2025\/06\/tailoring_4-768x1156.jpg 768w, https:\/\/mangiico.com\/wp-content\/uploads\/2025\/06\/tailoring_4-1020x1536.jpg 1020w, https:\/\/mangiico.com\/wp-content\/uploads\/2025\/06\/tailoring_4-370x557.jpg 370w, https:\/\/mangiico.com\/wp-content\/uploads\/2025\/06\/tailoring_4-770x1159.jpg 770w, https:\/\/mangiico.com\/wp-content\/uploads\/2025\/06\/tailoring_4.jpg 1160w\" sizes=\"auto, (max-width: 680px) 100vw, 680px\" \/><\/div>\n\t\t<\/figure>\n\t<\/div>\n<\/div><\/div><\/div><\/div><\/div><\/div><\/div><\/div><div class=\"vc_row wpb_row vc_row-fluid\"><div class=\"wpb_column vc_column_container vc_col-sm-12 sc_layouts_column_icons_position_left\"><div class=\"vc_column-inner\"><div class=\"wpb_wrapper\"><div class=\"vc_empty_space\"   style=\"height: 0.7rem\"><span class=\"vc_empty_space_inner\"><\/span><\/div><div class=\"vc_empty_space  height_large\"   style=\"height: 0px\"><span class=\"vc_empty_space_inner\"><\/span><\/div><\/div><\/div><\/div><\/div><div class=\"vc_row wpb_row vc_row-fluid\"><div class=\"wpb_column vc_column_container vc_col-sm-12 sc_layouts_column_icons_position_left\"><div class=\"vc_column-inner\"><div class=\"wpb_wrapper\"><div class=\"sc_layouts sc_layouts_default sc_layouts_1475\"><div class=\"vc_row wpb_row vc_row-fluid\"><div class=\"wpb_column vc_column_container vc_col-sm-12 vc_col-lg-offset-2 vc_col-md-offset-2 vc_col-md-8 sc_layouts_column_icons_position_left\"><div class=\"vc_column-inner\"><div class=\"wpb_wrapper\"><div class=\"vc_empty_space\"   style=\"height: 2.2rem\"><span class=\"vc_empty_space_inner\"><\/span><\/div><div class=\"vc_empty_space  height_medium\"   style=\"height: 0px\"><span class=\"vc_empty_space_inner\"><\/span><\/div><div class=\"sc_layouts_item\"><div id=\"sc_title_363032172\"\n\t\tclass=\"sc_title sc_title_default  vc_custom_1556716015243\"><h3 class=\"sc_item_title sc_title_title sc_align_center sc_item_title_style_default\">G\u1eedi tin nh\u1eafn<\/h3><\/div><!-- \/.sc_title --><\/div>\n<div class=\"wpcf7 no-js\" id=\"wpcf7-f949-o1\" lang=\"en-US\" dir=\"ltr\" data-wpcf7-id=\"949\">\n<div class=\"screen-reader-response\"><p role=\"status\" aria-live=\"polite\" aria-atomic=\"true\"><\/p> <ul><\/ul><\/div>\n<form action=\"\/vi\/wp-json\/wp\/v2\/pages\/29#wpcf7-f949-o1\" method=\"post\" class=\"wpcf7-form init\" aria-label=\"Contact form\" novalidate=\"novalidate\" data-status=\"init\" data-trp-original-action=\"\/vi\/wp-json\/wp\/v2\/pages\/29#wpcf7-f949-o1\">\n<fieldset class=\"hidden-fields-container\"><input type=\"hidden\" name=\"_wpcf7\" value=\"949\" \/><input type=\"hidden\" name=\"_wpcf7_version\" value=\"6.1.5\" \/><input type=\"hidden\" name=\"_wpcf7_locale\" value=\"en_US\" \/><input type=\"hidden\" name=\"_wpcf7_unit_tag\" value=\"wpcf7-f949-o1\" \/><input type=\"hidden\" name=\"_wpcf7_container_post\" value=\"0\" \/><input type=\"hidden\" name=\"_wpcf7_posted_data_hash\" value=\"\" \/>\n<\/fieldset>\n<div class=\"flex\">\n<div class='itm row' ><span class=\"wpcf7-form-control-wrap\" data-name=\"your-name\"><input size=\"40\" maxlength=\"400\" class=\"wpcf7-form-control wpcf7-text wpcf7-validates-as-required\" aria-required=\"true\" aria-invalid=\"false\" placeholder=\"T\u00ean c\u1ee7a b\u1ea1n\" value=\"\" type=\"text\" name=\"your-name\" \/><\/span><\/div> \n<div class='itm row'><span class=\"wpcf7-form-control-wrap\" data-name=\"your-email\"><input size=\"40\" maxlength=\"400\" class=\"wpcf7-form-control wpcf7-email wpcf7-validates-as-required wpcf7-text wpcf7-validates-as-email\" aria-required=\"true\" aria-invalid=\"false\" placeholder=\"E-mail\" value=\"\" type=\"email\" name=\"your-email\" \/><\/span><\/div><\/div>\n<div class=''><span class=\"wpcf7-form-control-wrap\" data-name=\"your-message\"><textarea cols=\"40\" rows=\"10\" maxlength=\"2000\" class=\"wpcf7-form-control wpcf7-textarea wpcf7-validates-as-required\" aria-required=\"true\" aria-invalid=\"false\" placeholder=\"Tin nh\u1eafn c\u1ee7a b\u1ea1n\" name=\"your-message\"><\/textarea><\/span><\/div>\n<div class=''><span class=\"wpcf7-form-control-wrap\" data-name=\"acceptance\"><span class=\"wpcf7-form-control wpcf7-acceptance\"><span class=\"wpcf7-list-item\"><label><input type=\"checkbox\" name=\"acceptance\" value=\"1\" aria-invalid=\"false\" \/><span class=\"wpcf7-list-item-label\">T\u00f4i \u0111\u1ed3ng \u00fd th\u00f4ng tin <a href=\"\/vi\/privacy-policy\/\">\u0111\u01b0\u1ee3c ghi nh\u1eadn<\/a>.<\/span><\/label><\/span><\/span><\/span><\/div>\n<div class=\"sc_form_field sc_form_field_button sc_form_field_submit\"><input class=\"wpcf7-form-control wpcf7-submit has-spinner\" type=\"submit\" value=\"G\u1eedi \u0111i\" \/><\/div><div class=\"wpcf7-response-output\" aria-hidden=\"true\"><\/div>\n<input type=\"hidden\" name=\"trp-form-language\" value=\"vi\"\/><\/form>\n<\/div>\n<div class=\"vc_empty_space  height_tiny\"   style=\"height: 0px\"><span class=\"vc_empty_space_inner\"><\/span><\/div><div class=\"vc_empty_space  height_small\"   style=\"height: 0px\"><span class=\"vc_empty_space_inner\"><\/span><\/div><\/div><\/div><\/div><\/div><\/div><\/div><\/div><\/div><\/div>\n<\/div>","protected":false},"excerpt":{"rendered":"TAILORING SERVICES ManGii\u2019s bespoke tailoring service transforms your measurements into garments that are truly one-of-a-kind. Every piece is crafted by skilled tailors, from the first cut to the final hand-finished detail, with a focus on perfect fit, superior quality, and individual expression. We offer a wide range of styles - from timeless formal suits to modern, casual pieces like safari&hellip;","protected":false},"author":8,"featured_media":0,"parent":0,"menu_order":0,"comment_status":"closed","ping_status":"closed","template":"","meta":{"footnotes":""},"class_list":["post-29","page","type-page","status-publish","hentry"],"_links":{"self":[{"href":"https:\/\/mangiico.com\/vi\/wp-json\/wp\/v2\/pages\/29","targetHints":{"allow":["GET"]}}],"collection":[{"href":"https:\/\/mangiico.com\/vi\/wp-json\/wp\/v2\/pages"}],"about":[{"href":"https:\/\/mangiico.com\/vi\/wp-json\/wp\/v2\/types\/page"}],"author":[{"embeddable":true,"href":"https:\/\/mangiico.com\/vi\/wp-json\/wp\/v2\/users\/8"}],"replies":[{"embeddable":true,"href":"https:\/\/mangiico.com\/vi\/wp-json\/wp\/v2\/comments?post=29"}],"version-history":[{"count":9,"href":"https:\/\/mangiico.com\/vi\/wp-json\/wp\/v2\/pages\/29\/revisions"}],"predecessor-version":[{"id":1593,"href":"https:\/\/mangiico.com\/vi\/wp-json\/wp\/v2\/pages\/29\/revisions\/1593"}],"wp:attachment":[{"href":"https:\/\/mangiico.com\/vi\/wp-json\/wp\/v2\/media?parent=29"}],"curies":[{"name":"wp","href":"https:\/\/api.w.org\/{rel}","templated":true}]}}