{"id":33,"date":"2016-11-25T14:57:10","date_gmt":"2016-11-25T14:57:10","guid":{"rendered":"https:\/\/staging.mangiico.com\/?page_id=33"},"modified":"2026-03-25T22:15:50","modified_gmt":"2026-03-25T15:15:50","slug":"contact-book","status":"publish","type":"page","link":"https:\/\/mangiico.com\/vi\/contact-book","title":{"rendered":"Li\u00ean h\u1ec7 &amp; \u0110\u1eb7t l\u1ecbch"},"content":{"rendered":"<div class=\"wpb-content-wrapper\"><div class=\"vc_row wpb_row vc_row-fluid\"><div class=\"wpb_column vc_column_container vc_col-sm-6 sc_layouts_column_icons_position_left\"><div class=\"vc_column-inner vc_custom_1482234227124\"><div class=\"wpb_wrapper\"><div class=\"vc_empty_space\"   style=\"height: 2.5rem\"><span class=\"vc_empty_space_inner\"><\/span><\/div><div id=\"sc_googlemap_1687663098_wrap\" class=\"sc_googlemap_wrap\"><div id=\"sc_googlemap_1687663098\"\n\t\t\tclass=\"sc_googlemap sc_googlemap_default\"\n\t\t\t style=\"width:100%;height:396px;\"\t\t\tdata-zoom=\"14\"\n\t\t\tdata-style=\"paper\"\n    ><iframe\n                src=\"https:\/\/maps.google.com\/maps?t=m&output=embed&iwloc=near&z=14&q=196+Le+Thanh+Ton%2C+District+1%2C+Ho+Chi+Minh+City%2C+Vietnam\"\n                scrolling=\"no\"\n                marginheight=\"0\"\n                marginwidth=\"0\"\n                frameborder=\"0\"\n                aria-label=\"\"><\/iframe><\/div><\/div><!-- \/.sc_googlemap_wrap --><\/div><\/div><\/div><div class=\"wpb_column vc_column_container vc_col-sm-6 vc_col-lg-6 vc_col-md-5 sc_layouts_column_icons_position_left\"><div class=\"vc_column-inner vc_custom_1750243773110\"><div class=\"wpb_wrapper\"><div class=\"vc_empty_space\"   style=\"height: 2.5rem\"><span class=\"vc_empty_space_inner\"><\/span><\/div><div id=\"widget_contacts_1103053759\" class=\"widget_area sc_widget_contacts vc_widget_contacts wpb_content_element\"><aside id=\"widget_contacts_1103053759_widget\" class=\"widget widget_contacts\"><h5 class=\"widget_title\">Th\u00f4ng tin li\u00ean h\u1ec7<\/h5><div class=\"contacts_description\"><p>N\u1ebfu b\u1ea1n c\u1ea7n t\u01b0 v\u1ea5n th\u00eam, \u0111\u1ed9i ng\u0169 ManGii lu\u00f4n s\u1eb5n s\u00e0ng h\u1ed7 tr\u1ee3. Ch\u00fang t\u00f4i h\u00e2n h\u1ea1nh \u0111\u01b0\u1ee3c \u0111\u00f3n ti\u1ebfp b\u1ea1n t\u1ea1i c\u00e1c c\u1eeda h\u00e0ng b\u00ean d\u01b0\u1edbi.<\/p>\n<\/div><div class=\"contacts_info\"><div class=\"contacts_right\"><span class=\"contacts_address\">196 L\u00ea Th\u00e1nh T\u00f4n, Qu\u1eadn 1, TP. H\u1ed3 Ch\u00ed Minh<br \/>\n31 Xu\u00e2n Th\u1ee7y, Qu\u1eadn 2, TP. H\u1ed3 Ch\u00ed Minh<\/span><span class=\"contacts_phone\"><a href=\"tel:+84 962750066\">+84 962750066<\/a><\/span><span class=\"contacts_email\"><a href=\"mailto:info@mangiico.com\">info@mangiico.com<\/a><\/span><\/div><\/div><\/aside><\/div><\/div><\/div><\/div><\/div><div class=\"vc_row wpb_row vc_row-fluid\"><div class=\"wpb_column vc_column_container vc_col-sm-12 sc_layouts_column_icons_position_left\"><div class=\"vc_column-inner\"><div class=\"wpb_wrapper\"><div class=\"vc_empty_space\"   style=\"height: 0.429rem\"><span class=\"vc_empty_space_inner\"><\/span><\/div><div class=\"vc_empty_space  height_medium\"   style=\"height: 0px\"><span class=\"vc_empty_space_inner\"><\/span><\/div><div class=\"vc_separator wpb_content_element vc_separator_align_center vc_sep_width_100 vc_sep_pos_align_center vc_separator_no_text vc_custom_1482236490778 wpb_content_element  vc_custom_1482236490778 wpb_content_element\" ><span class=\"vc_sep_holder vc_sep_holder_l\"><span style=\"border-color:#e8d7c2;\" class=\"vc_sep_line\"><\/span><\/span><span class=\"vc_sep_holder vc_sep_holder_r\"><span style=\"border-color:#e8d7c2;\" class=\"vc_sep_line\"><\/span><\/span>\n<\/div><div class=\"vc_empty_space  height_tiny\"   style=\"height: 0px\"><span class=\"vc_empty_space_inner\"><\/span><\/div><\/div><\/div><\/div><\/div><div class=\"vc_row wpb_row vc_row-fluid\"><div class=\"wpb_column vc_column_container vc_col-sm-12 vc_col-lg-offset-0 vc_col-lg-12 vc_col-md-offset-1 vc_col-md-10 vc_col-sm-offset-1 vc_col-xs-12 sc_layouts_column_icons_position_left\"><div class=\"vc_column-inner\"><div class=\"wpb_wrapper\"><div class=\"vc_row wpb_row vc_inner vc_row-fluid\"><div class=\"wpb_column vc_column_container vc_col-sm-6 vc_col-lg-4 vc_col-md-4 sc_layouts_column_icons_position_left\"><div class=\"vc_column-inner\"><div class=\"wpb_wrapper\"><div class=\"vc_empty_space  height_small\"   style=\"height: 0px\"><span class=\"vc_empty_space_inner\"><\/span><\/div><div id=\"sc_icons_204711500\" \n\tclass=\"sc_icons sc_icons_modern sc_icons_size_medium sc_align_left\"><div class=\"sc_icons_item sc_icons_item_linked\"><div class=\"sc_icons_image\"><img loading=\"lazy\" decoding=\"async\" src=\"https:\/\/mangiico.com\/wp-content\/uploads\/2025\/06\/fb-icon-1.png\" alt=\"\" width=\"75\" height=\"79\"><\/div>\t\t\t<div class=\"sc_icons_item_description\">\n\t\t\t<h4 class=\"sc_icons_title\"><span>Mangii tr\u00ean Facebook<\/span><\/h4>\t\t\t<\/div><a href=\"https:\/\/www.facebook.com\/mangiivn\" class=\"sc_icons_link\"><\/a><\/div><\/div><!-- \/.sc_icons --><div class=\"vc_empty_space  height_small\"   style=\"height: 0px\"><span class=\"vc_empty_space_inner\"><\/span><\/div><\/div><\/div><\/div><div class=\"wpb_column vc_column_container vc_col-sm-6 vc_col-lg-4 vc_col-md-4 sc_layouts_column_icons_position_left\"><div class=\"vc_column-inner\"><div class=\"wpb_wrapper\"><div class=\"vc_empty_space  height_small\"   style=\"height: 0px\"><span class=\"vc_empty_space_inner\"><\/span><\/div><div id=\"sc_icons_21266664\" \n\tclass=\"sc_icons sc_icons_modern sc_icons_size_medium sc_align_left\"><div class=\"sc_icons_item sc_icons_item_linked\"><div class=\"sc_icons_image\"><img loading=\"lazy\" decoding=\"async\" src=\"https:\/\/mangiico.com\/wp-content\/uploads\/2025\/06\/ig-icon-1.png\" alt=\"\" width=\"75\" height=\"84\"><\/div>\t\t\t<div class=\"sc_icons_item_description\">\n\t\t\t<h4 class=\"sc_icons_title\"><span>Mangii tr\u00ean Instagram<\/span><\/h4>\t\t\t<\/div><a href=\"https:\/\/www.instagram.com\/mangii.vn\/\" class=\"sc_icons_link\"><\/a><\/div><\/div><!-- \/.sc_icons --><div class=\"vc_empty_space  height_small\"   style=\"height: 0px\"><span class=\"vc_empty_space_inner\"><\/span><\/div><\/div><\/div><\/div><div class=\"wpb_column vc_column_container vc_col-sm-6 vc_col-lg-4 vc_col-md-4 sc_layouts_column_icons_position_left\"><div class=\"vc_column-inner\"><div class=\"wpb_wrapper\"><div class=\"vc_empty_space  height_small\"   style=\"height: 0px\"><span class=\"vc_empty_space_inner\"><\/span><\/div><div id=\"sc_icons_2066757717\" \n\tclass=\"sc_icons sc_icons_modern sc_icons_size_medium sc_align_left\"><div class=\"sc_icons_item sc_icons_item_linked\"><div class=\"sc_icons_image\"><img loading=\"lazy\" decoding=\"async\" src=\"https:\/\/mangiico.com\/wp-content\/uploads\/2025\/06\/tripa-icon-1.png\" alt=\"\" width=\"78\" height=\"76\"><\/div>\t\t\t<div class=\"sc_icons_item_description\">\n\t\t\t<h4 class=\"sc_icons_title\"><span>Mangii tr\u00ean TripAdvisor<\/span><\/h4>\t\t\t<\/div><a href=\"https:\/\/www.tripadvisor.com\/Attraction_Review-g293925-d8317497-Reviews-ManGii_Custom_Suit_and_Shoes-Ho_Chi_Minh_City.html\" class=\"sc_icons_link\"><\/a><\/div><\/div><!-- \/.sc_icons --><div class=\"vc_empty_space  height_small\"   style=\"height: 0px\"><span class=\"vc_empty_space_inner\"><\/span><\/div><\/div><\/div><\/div><\/div><\/div><\/div><\/div><\/div><div class=\"vc_row wpb_row vc_row-fluid\"><div class=\"wpb_column vc_column_container vc_col-sm-12 sc_layouts_column_icons_position_left\"><div class=\"vc_column-inner\"><div class=\"wpb_wrapper\"><div class=\"vc_empty_space\"   style=\"height: 0.5rem\"><span class=\"vc_empty_space_inner\"><\/span><\/div><div class=\"vc_separator wpb_content_element vc_separator_align_center vc_sep_width_100 vc_sep_pos_align_center vc_separator_no_text vc_custom_1482236496442 wpb_content_element  vc_custom_1482236496442 wpb_content_element\" ><span class=\"vc_sep_holder vc_sep_holder_l\"><span style=\"border-color:#e8d7c2;\" class=\"vc_sep_line\"><\/span><\/span><span class=\"vc_sep_holder vc_sep_holder_r\"><span style=\"border-color:#e8d7c2;\" class=\"vc_sep_line\"><\/span><\/span>\n<\/div><div class=\"vc_empty_space  height_medium\"   style=\"height: 0px\"><span class=\"vc_empty_space_inner\"><\/span><\/div><\/div><\/div><\/div><\/div><div class=\"vc_row wpb_row vc_row-fluid\"><div class=\"wpb_column vc_column_container vc_col-sm-12 vc_col-lg-offset-2 vc_col-md-offset-2 vc_col-md-8 sc_layouts_column_icons_position_left\"><div class=\"vc_column-inner\"><div class=\"wpb_wrapper\"><div class=\"vc_empty_space\"   style=\"height: 2.2rem\"><span class=\"vc_empty_space_inner\"><\/span><\/div><div class=\"vc_empty_space  height_medium\"   style=\"height: 0px\"><span class=\"vc_empty_space_inner\"><\/span><\/div><div id=\"sc_title_1150708830\"\n\t\tclass=\"sc_title sc_title_default  vc_custom_1556716015243\"><h3 class=\"sc_item_title sc_title_title sc_align_center sc_item_title_style_default\">G\u1eedi tin nh\u1eafn<\/h3><\/div><!-- \/.sc_title -->\n<div class=\"wpcf7 no-js\" id=\"wpcf7-f949-o1\" lang=\"en-US\" dir=\"ltr\" data-wpcf7-id=\"949\">\n<div class=\"screen-reader-response\"><p role=\"status\" aria-live=\"polite\" aria-atomic=\"true\"><\/p> <ul><\/ul><\/div>\n<form action=\"\/vi\/wp-json\/wp\/v2\/pages\/33#wpcf7-f949-o1\" method=\"post\" class=\"wpcf7-form init\" aria-label=\"Contact form\" novalidate=\"novalidate\" data-status=\"init\" data-trp-original-action=\"\/vi\/wp-json\/wp\/v2\/pages\/33#wpcf7-f949-o1\">\n<fieldset class=\"hidden-fields-container\"><input type=\"hidden\" name=\"_wpcf7\" value=\"949\" \/><input type=\"hidden\" name=\"_wpcf7_version\" value=\"6.1.5\" \/><input type=\"hidden\" name=\"_wpcf7_locale\" value=\"en_US\" \/><input type=\"hidden\" name=\"_wpcf7_unit_tag\" value=\"wpcf7-f949-o1\" \/><input type=\"hidden\" name=\"_wpcf7_container_post\" value=\"0\" \/><input type=\"hidden\" name=\"_wpcf7_posted_data_hash\" value=\"\" \/>\n<\/fieldset>\n<div class=\"flex\">\n<div class='itm row' ><span class=\"wpcf7-form-control-wrap\" data-name=\"your-name\"><input size=\"40\" maxlength=\"400\" class=\"wpcf7-form-control wpcf7-text wpcf7-validates-as-required\" aria-required=\"true\" aria-invalid=\"false\" placeholder=\"T\u00ean c\u1ee7a b\u1ea1n\" value=\"\" type=\"text\" name=\"your-name\" \/><\/span><\/div> \n<div class='itm row'><span class=\"wpcf7-form-control-wrap\" data-name=\"your-email\"><input size=\"40\" maxlength=\"400\" class=\"wpcf7-form-control wpcf7-email wpcf7-validates-as-required wpcf7-text wpcf7-validates-as-email\" aria-required=\"true\" aria-invalid=\"false\" placeholder=\"E-mail\" value=\"\" type=\"email\" name=\"your-email\" \/><\/span><\/div><\/div>\n<div class=''><span class=\"wpcf7-form-control-wrap\" data-name=\"your-message\"><textarea cols=\"40\" rows=\"10\" maxlength=\"2000\" class=\"wpcf7-form-control wpcf7-textarea wpcf7-validates-as-required\" aria-required=\"true\" aria-invalid=\"false\" placeholder=\"Tin nh\u1eafn c\u1ee7a b\u1ea1n\" name=\"your-message\"><\/textarea><\/span><\/div>\n<div class=''><span class=\"wpcf7-form-control-wrap\" data-name=\"acceptance\"><span class=\"wpcf7-form-control wpcf7-acceptance\"><span class=\"wpcf7-list-item\"><label><input type=\"checkbox\" name=\"acceptance\" value=\"1\" aria-invalid=\"false\" \/><span class=\"wpcf7-list-item-label\">T\u00f4i \u0111\u1ed3ng \u00fd th\u00f4ng tin <a href=\"\/vi\/privacy-policy\/\">\u0111\u01b0\u1ee3c ghi nh\u1eadn<\/a>.<\/span><\/label><\/span><\/span><\/span><\/div>\n<div class=\"sc_form_field sc_form_field_button sc_form_field_submit\"><input class=\"wpcf7-form-control wpcf7-submit has-spinner\" type=\"submit\" value=\"G\u1eedi \u0111i\" \/><\/div><div class=\"wpcf7-response-output\" aria-hidden=\"true\"><\/div>\n<input type=\"hidden\" name=\"trp-form-language\" value=\"vi\"\/><\/form>\n<\/div>\n<div class=\"vc_empty_space  height_tiny\"   style=\"height: 0px\"><span class=\"vc_empty_space_inner\"><\/span><\/div><div class=\"vc_empty_space  height_small\"   style=\"height: 0px\"><span class=\"vc_empty_space_inner\"><\/span><\/div><\/div><\/div><\/div><\/div>\n<\/div>","protected":false},"excerpt":{"rendered":"Contact InfoHave a question? Our team always ready to help. Feel free and come to us anytime, we are glad to see you at our studio. 196 Le Thanh Ton, District 1, Ho Chi Minh City, Vietnam 31 Xuan Thuy, District 2, Ho Chi Minh City, Vietnam+84 962750066info@mangiico.com Find us on Facebook Follow Us on Instagram Follow Us on TripAdvisor&hellip;","protected":false},"author":8,"featured_media":0,"parent":0,"menu_order":0,"comment_status":"closed","ping_status":"closed","template":"","meta":{"footnotes":""},"class_list":["post-33","page","type-page","status-publish","hentry"],"_links":{"self":[{"href":"https:\/\/mangiico.com\/vi\/wp-json\/wp\/v2\/pages\/33","targetHints":{"allow":["GET"]}}],"collection":[{"href":"https:\/\/mangiico.com\/vi\/wp-json\/wp\/v2\/pages"}],"about":[{"href":"https:\/\/mangiico.com\/vi\/wp-json\/wp\/v2\/types\/page"}],"author":[{"embeddable":true,"href":"https:\/\/mangiico.com\/vi\/wp-json\/wp\/v2\/users\/8"}],"replies":[{"embeddable":true,"href":"https:\/\/mangiico.com\/vi\/wp-json\/wp\/v2\/comments?post=33"}],"version-history":[{"count":10,"href":"https:\/\/mangiico.com\/vi\/wp-json\/wp\/v2\/pages\/33\/revisions"}],"predecessor-version":[{"id":1592,"href":"https:\/\/mangiico.com\/vi\/wp-json\/wp\/v2\/pages\/33\/revisions\/1592"}],"wp:attachment":[{"href":"https:\/\/mangiico.com\/vi\/wp-json\/wp\/v2\/media?parent=33"}],"curies":[{"name":"wp","href":"https:\/\/api.w.org\/{rel}","templated":true}]}}